{"id":172,"date":"2024-03-14T07:57:44","date_gmt":"2024-03-14T06:57:44","guid":{"rendered":"https:\/\/www.arco2.com\/inici\/"},"modified":"2024-04-10T08:34:13","modified_gmt":"2024-04-10T06:34:13","slug":"inici","status":"publish","type":"page","link":"https:\/\/www.arco2.com\/ca\/","title":{"rendered":"INICI"},"content":{"rendered":"\n<h1>\n\t\tARCO2 \/ AIAM\n\t<\/h1>\n\t<p>Troba el teu immoble<\/p>\n\t<p><a href=\"http:\/\/www.arco2.cat\/\">PISOS<\/a><\/p>\n\t<p><a href=\"http:\/\/www.arco2.cat\/\">CASES<\/a><\/p>\n\t<p><a href=\"http:\/\/www.arco2.cat\/\">LOCALS<\/a><\/p>\n\t<p><a href=\"http:\/\/www.arco2.cat\/\">NAUS<\/a><\/p>\n\t<p><a href=\"http:\/\/www.arco2.cat\/\">SOLAR<\/a><\/p>\n\t\t\t\t<img loading=\"lazy\" decoding=\"async\" src=\"https:\/\/www.arco2.com\/wp-content\/uploads\/2024\/03\/arco2-calella-01.jpg\" alt=\"Modern homes and Town houses.\" itemprop=\"image\" height=\"683\" width=\"1024\" title=\"Modern,Homes,And,Town,Houses.\" onerror=\"this.style.display='none'\"  \/>\n<h2>\n\t\tLA TEVA IMMOBILI\u00c0RIA DEL MARESME\n\t<\/h2>\n\t<p>Arco2 en qualitat d&#8217;ag\u00e8ncia immobili\u00e0ria integral des de l&#8217;any 1995, ofereix un ampli ventall de serveis, des de la recerca de la propietat perfecta fins a les tasques de gesti\u00f3 administrativa posteriors a la signatura del contracte.<\/p>\n\t\t\t<a href=\"http:\/\/www.arco2.cat\/\" target=\"_blank\" rel=\"noopener\">\n\t\t\t\t\t\tCERCAR IMMOBLE\n\t\t\t\t\t<\/a>\n\n","protected":false},"excerpt":{"rendered":"<p>ARCO2 \/ AIAM Troba el teu immoble PISOS CASES LOCALS NAUS SOLAR LA TEVA IMMOBILI\u00c0RIA DEL MARESME Arco2 en qualitat d&#8217;ag\u00e8ncia immobili\u00e0ria integral des de l&#8217;any 1995, ofereix un ampli ventall de serveis, des de la recerca de la propietat perfecta fins a les tasques de gesti\u00f3 administrativa posteriors a la signatura del contracte. CERCAR&hellip;<\/p>\n","protected":false},"author":1,"featured_media":0,"parent":0,"menu_order":0,"comment_status":"closed","ping_status":"closed","template":"","meta":{"_acf_changed":false,"footnotes":""},"class_list":["post-172","page","type-page","status-publish","hentry"],"acf":[],"yoast_head":"<!-- This site is optimized with the Yoast SEO plugin v24.0 - https:\/\/yoast.com\/wordpress\/plugins\/seo\/ -->\n<title>INICI - Arco2 \u2013 Consultoria Inmobiliaria<\/title>\n<meta name=\"description\" content=\"Descobreix la teva llar perfecta amb Arco2. Ofrecemos desde la b\u00fasqueda de la propiedad perfecta hasta las tareas de gesti\u00f3n administrativas.\" \/>\n<meta name=\"robots\" content=\"index, follow, max-snippet:-1, max-image-preview:large, max-video-preview:-1\" \/>\n<link rel=\"canonical\" href=\"https:\/\/www.arco2.com\/ca\/\" \/>\n<meta property=\"og:locale\" content=\"ca_ES\" \/>\n<meta property=\"og:type\" content=\"article\" \/>\n<meta property=\"og:title\" content=\"INICI - Arco2 \u2013 Consultoria Inmobiliaria\" \/>\n<meta property=\"og:description\" content=\"Descobreix la teva llar perfecta amb Arco2. Ofrecemos desde la b\u00fasqueda de la propiedad perfecta hasta las tareas de gesti\u00f3n administrativas.\" \/>\n<meta property=\"og:url\" content=\"https:\/\/www.arco2.com\/ca\/\" \/>\n<meta property=\"og:site_name\" content=\"Arco2 \u2013 Consultoria Inmobiliaria\" \/>\n<meta property=\"article:modified_time\" content=\"2024-04-10T06:34:13+00:00\" \/>\n<meta property=\"og:image\" content=\"https:\/\/www.arco2.com\/wp-content\/uploads\/2024\/03\/arco2-calella-01.jpg\" \/>\n<meta name=\"twitter:card\" content=\"summary_large_image\" \/>\n<script type=\"application\/ld+json\" class=\"yoast-schema-graph\">{\"@context\":\"https:\/\/schema.org\",\"@graph\":[{\"@type\":\"WebPage\",\"@id\":\"https:\/\/www.arco2.com\/ca\/\",\"url\":\"https:\/\/www.arco2.com\/ca\/\",\"name\":\"INICI - Arco2 \u2013 Consultoria Inmobiliaria\",\"isPartOf\":{\"@id\":\"https:\/\/www.arco2.com\/ca\/#website\"},\"primaryImageOfPage\":{\"@id\":\"https:\/\/www.arco2.com\/ca\/#primaryimage\"},\"image\":{\"@id\":\"https:\/\/www.arco2.com\/ca\/#primaryimage\"},\"thumbnailUrl\":\"https:\/\/www.arco2.com\/wp-content\/uploads\/2024\/03\/arco2-calella-01.jpg\",\"datePublished\":\"2024-03-14T06:57:44+00:00\",\"dateModified\":\"2024-04-10T06:34:13+00:00\",\"description\":\"Descobreix la teva llar perfecta amb Arco2. Ofrecemos desde la b\u00fasqueda de la propiedad perfecta hasta las tareas de gesti\u00f3n administrativas.\",\"breadcrumb\":{\"@id\":\"https:\/\/www.arco2.com\/ca\/#breadcrumb\"},\"inLanguage\":\"ca\",\"potentialAction\":[{\"@type\":\"ReadAction\",\"target\":[\"https:\/\/www.arco2.com\/ca\/\"]}]},{\"@type\":\"ImageObject\",\"inLanguage\":\"ca\",\"@id\":\"https:\/\/www.arco2.com\/ca\/#primaryimage\",\"url\":\"https:\/\/www.arco2.com\/wp-content\/uploads\/2024\/03\/arco2-calella-01.jpg\",\"contentUrl\":\"https:\/\/www.arco2.com\/wp-content\/uploads\/2024\/03\/arco2-calella-01.jpg\"},{\"@type\":\"BreadcrumbList\",\"@id\":\"https:\/\/www.arco2.com\/ca\/#breadcrumb\",\"itemListElement\":[{\"@type\":\"ListItem\",\"position\":1,\"name\":\"Portada\",\"item\":\"https:\/\/www.arco2.com\/ca\/\"},{\"@type\":\"ListItem\",\"position\":2,\"name\":\"INICI\"}]},{\"@type\":\"WebSite\",\"@id\":\"https:\/\/www.arco2.com\/ca\/#website\",\"url\":\"https:\/\/www.arco2.com\/ca\/\",\"name\":\"Arco2 \u2013 Consultoria Inmobiliaria\",\"description\":\"Pisos - Casas - Locales - Edificios -  Naves -Parkings - Solares\",\"potentialAction\":[{\"@type\":\"SearchAction\",\"target\":{\"@type\":\"EntryPoint\",\"urlTemplate\":\"https:\/\/www.arco2.com\/ca\/?s={search_term_string}\"},\"query-input\":{\"@type\":\"PropertyValueSpecification\",\"valueRequired\":true,\"valueName\":\"search_term_string\"}}],\"inLanguage\":\"ca\"}]}<\/script>\n<!-- \/ Yoast SEO plugin. -->","yoast_head_json":{"title":"INICI - Arco2 \u2013 Consultoria Inmobiliaria","description":"Descobreix la teva llar perfecta amb Arco2. Ofrecemos desde la b\u00fasqueda de la propiedad perfecta hasta las tareas de gesti\u00f3n administrativas.","robots":{"index":"index","follow":"follow","max-snippet":"max-snippet:-1","max-image-preview":"max-image-preview:large","max-video-preview":"max-video-preview:-1"},"canonical":"https:\/\/www.arco2.com\/ca\/","og_locale":"ca_ES","og_type":"article","og_title":"INICI - Arco2 \u2013 Consultoria Inmobiliaria","og_description":"Descobreix la teva llar perfecta amb Arco2. Ofrecemos desde la b\u00fasqueda de la propiedad perfecta hasta las tareas de gesti\u00f3n administrativas.","og_url":"https:\/\/www.arco2.com\/ca\/","og_site_name":"Arco2 \u2013 Consultoria Inmobiliaria","article_modified_time":"2024-04-10T06:34:13+00:00","og_image":[{"url":"https:\/\/www.arco2.com\/wp-content\/uploads\/2024\/03\/arco2-calella-01.jpg","type":"","width":"","height":""}],"twitter_card":"summary_large_image","schema":{"@context":"https:\/\/schema.org","@graph":[{"@type":"WebPage","@id":"https:\/\/www.arco2.com\/ca\/","url":"https:\/\/www.arco2.com\/ca\/","name":"INICI - Arco2 \u2013 Consultoria Inmobiliaria","isPartOf":{"@id":"https:\/\/www.arco2.com\/ca\/#website"},"primaryImageOfPage":{"@id":"https:\/\/www.arco2.com\/ca\/#primaryimage"},"image":{"@id":"https:\/\/www.arco2.com\/ca\/#primaryimage"},"thumbnailUrl":"https:\/\/www.arco2.com\/wp-content\/uploads\/2024\/03\/arco2-calella-01.jpg","datePublished":"2024-03-14T06:57:44+00:00","dateModified":"2024-04-10T06:34:13+00:00","description":"Descobreix la teva llar perfecta amb Arco2. Ofrecemos desde la b\u00fasqueda de la propiedad perfecta hasta las tareas de gesti\u00f3n administrativas.","breadcrumb":{"@id":"https:\/\/www.arco2.com\/ca\/#breadcrumb"},"inLanguage":"ca","potentialAction":[{"@type":"ReadAction","target":["https:\/\/www.arco2.com\/ca\/"]}]},{"@type":"ImageObject","inLanguage":"ca","@id":"https:\/\/www.arco2.com\/ca\/#primaryimage","url":"https:\/\/www.arco2.com\/wp-content\/uploads\/2024\/03\/arco2-calella-01.jpg","contentUrl":"https:\/\/www.arco2.com\/wp-content\/uploads\/2024\/03\/arco2-calella-01.jpg"},{"@type":"BreadcrumbList","@id":"https:\/\/www.arco2.com\/ca\/#breadcrumb","itemListElement":[{"@type":"ListItem","position":1,"name":"Portada","item":"https:\/\/www.arco2.com\/ca\/"},{"@type":"ListItem","position":2,"name":"INICI"}]},{"@type":"WebSite","@id":"https:\/\/www.arco2.com\/ca\/#website","url":"https:\/\/www.arco2.com\/ca\/","name":"Arco2 \u2013 Consultoria Inmobiliaria","description":"Pisos - Casas - Locales - Edificios -  Naves -Parkings - Solares","potentialAction":[{"@type":"SearchAction","target":{"@type":"EntryPoint","urlTemplate":"https:\/\/www.arco2.com\/ca\/?s={search_term_string}"},"query-input":{"@type":"PropertyValueSpecification","valueRequired":true,"valueName":"search_term_string"}}],"inLanguage":"ca"}]}},"_links":{"self":[{"href":"https:\/\/www.arco2.com\/ca\/wp-json\/wp\/v2\/pages\/172","targetHints":{"allow":["GET"]}}],"collection":[{"href":"https:\/\/www.arco2.com\/ca\/wp-json\/wp\/v2\/pages"}],"about":[{"href":"https:\/\/www.arco2.com\/ca\/wp-json\/wp\/v2\/types\/page"}],"author":[{"embeddable":true,"href":"https:\/\/www.arco2.com\/ca\/wp-json\/wp\/v2\/users\/1"}],"replies":[{"embeddable":true,"href":"https:\/\/www.arco2.com\/ca\/wp-json\/wp\/v2\/comments?post=172"}],"version-history":[{"count":4,"href":"https:\/\/www.arco2.com\/ca\/wp-json\/wp\/v2\/pages\/172\/revisions"}],"predecessor-version":[{"id":215,"href":"https:\/\/www.arco2.com\/ca\/wp-json\/wp\/v2\/pages\/172\/revisions\/215"}],"wp:attachment":[{"href":"https:\/\/www.arco2.com\/ca\/wp-json\/wp\/v2\/media?parent=172"}],"curies":[{"name":"wp","href":"https:\/\/api.w.org\/{rel}","templated":true}]}}